{"id":10965,"date":"2022-05-24T19:01:43","date_gmt":"2022-05-24T17:01:43","guid":{"rendered":"http:\/\/www.alfatecpy.com\/home\/?post_type=product&#038;p=10965"},"modified":"2022-06-21T14:31:06","modified_gmt":"2022-06-21T12:31:06","slug":"kit-de-flash-anular-macro-yongnuo-yn-14ex-ii-ttl-para-canon","status":"publish","type":"product","link":"http:\/\/www.alfatecpy.com\/home\/producto\/kit-de-flash-anular-macro-yongnuo-yn-14ex-ii-ttl-para-canon\/","title":{"rendered":"KIT DE FLASH ANULAR MACRO YONGNUO YN-14EX II TTL PARA CANON"},"content":{"rendered":"<p><b><span>Yongnuo<\/span><\/b><span>\u00a0ha creado este\u00a0<\/span><b><span>kit de flash de anillo macro YN-14EX II TTL para Canon<\/span><\/b><span>\u00a0para fot\u00f3grafos que requieren una soluci\u00f3n liviana para una iluminaci\u00f3n suave, detallada y envolvente para trabajos de primeros planos.\u00a0<span class=\"goog-text-highlight\">El kit incluye la unidad de control de zapata compatible con E-TTL \/ E-TTL II y un flash anular con anillos adaptadores de lentes de 52, 62, 67 y 72 mm.\u00a0<\/span>Se proporcionan cuatro filtros CT a presi\u00f3n para ajustar con precisi\u00f3n la salida de 5600K del flash, mientras que se incluye una bolsa de transporte para almacenamiento y transporte.<\/span><\/p>\n","protected":false},"excerpt":{"rendered":"<p>*R\u00e9gimen Tur\u00edstico<br \/>\n*No incluye IVA<\/p>\n","protected":false},"featured_media":10967,"comment_status":"open","ping_status":"closed","template":"","meta":[],"_links":{"self":[{"href":"http:\/\/www.alfatecpy.com\/home\/wp-json\/wp\/v2\/product\/10965"}],"collection":[{"href":"http:\/\/www.alfatecpy.com\/home\/wp-json\/wp\/v2\/product"}],"about":[{"href":"http:\/\/www.alfatecpy.com\/home\/wp-json\/wp\/v2\/types\/product"}],"replies":[{"embeddable":true,"href":"http:\/\/www.alfatecpy.com\/home\/wp-json\/wp\/v2\/comments?post=10965"}],"wp:featuredmedia":[{"embeddable":true,"href":"http:\/\/www.alfatecpy.com\/home\/wp-json\/wp\/v2\/media\/10967"}],"wp:attachment":[{"href":"http:\/\/www.alfatecpy.com\/home\/wp-json\/wp\/v2\/media?parent=10965"}],"curies":[{"name":"wp","href":"https:\/\/api.w.org\/{rel}","templated":true}]}}