{"id":10959,"date":"2022-05-24T18:55:16","date_gmt":"2022-05-24T16:55:16","guid":{"rendered":"http:\/\/www.alfatecpy.com\/home\/?post_type=product&#038;p=10959"},"modified":"2022-07-14T18:57:33","modified_gmt":"2022-07-14T16:57:33","slug":"miniaro-de-luz-led-yongnuo-yn-08","status":"publish","type":"product","link":"http:\/\/www.alfatecpy.com\/home\/producto\/miniaro-de-luz-led-yongnuo-yn-08\/","title":{"rendered":"MINIARO DE LUZ LED YONGNUO YN-08"},"content":{"rendered":"<ul class=\"a-unordered-list a-vertical a-spacing-mini\">\n<li><span class=\"a-list-item\">Luz LED y espejo de maquillaje: dise\u00f1o 2 en 1, combina la luz de anillo LED y el espejo de maquillaje, adecuado para tomar fotos selfie de smartphone, transmisi\u00f3n en vivo, grabaci\u00f3n de v\u00eddeo, retoques r\u00e1pidos, etc.<\/span><\/li>\n<li><span class=\"a-list-item\">Temperatura bicolor: dise\u00f1o de temperatura bicolor, con 12 ledes de 3200 K y 12 ledes de 5500 K, que te proporcionan una luz m\u00e1s natural y te ayudan a tomar fotos m\u00e1s v\u00edvidas.<\/span><\/li>\n<li><span class=\"a-list-item\">Brillo ajustable: 3 modos de iluminaci\u00f3n (luz fr\u00eda, luz c\u00e1lida, luz fr\u00eda y c\u00e1lida), cada modo de iluminaci\u00f3n tiene 3 niveles de brillo ajustable, que puede satisfacer todas tus necesidades en diferentes circunstancias.<\/span><\/li>\n<li><span class=\"a-list-item\">Clip de tel\u00e9fono universal: dise\u00f1o de clip, compatible con casi todos los tel\u00e9fonos inteligentes, apto para iPhone X\/8\/7\/7 Plus\/6 Plus\/6\/6S&#8230; para Samsung, Huawei, Xiaomi y otras marcas de tel\u00e9fonos inteligentes.<\/span><\/li>\n<li><span class=\"a-list-item\">Port\u00e1til y ligero: tama\u00f1o compacto, se puede llevar f\u00e1cilmente en tu bolsillo o bolso; carcasa de pl\u00e1stico, muy ligero, puedes llevarlo contigo a cualquier lugar.<\/span><\/li>\n<\/ul>\n","protected":false},"excerpt":{"rendered":"<p>*R\u00e9gimen Tur\u00edstico<br \/>\n*No incluye IVA<\/p>\n","protected":false},"featured_media":10960,"comment_status":"open","ping_status":"closed","template":"","meta":[],"_links":{"self":[{"href":"http:\/\/www.alfatecpy.com\/home\/wp-json\/wp\/v2\/product\/10959"}],"collection":[{"href":"http:\/\/www.alfatecpy.com\/home\/wp-json\/wp\/v2\/product"}],"about":[{"href":"http:\/\/www.alfatecpy.com\/home\/wp-json\/wp\/v2\/types\/product"}],"replies":[{"embeddable":true,"href":"http:\/\/www.alfatecpy.com\/home\/wp-json\/wp\/v2\/comments?post=10959"}],"wp:featuredmedia":[{"embeddable":true,"href":"http:\/\/www.alfatecpy.com\/home\/wp-json\/wp\/v2\/media\/10960"}],"wp:attachment":[{"href":"http:\/\/www.alfatecpy.com\/home\/wp-json\/wp\/v2\/media?parent=10959"}],"curies":[{"name":"wp","href":"https:\/\/api.w.org\/{rel}","templated":true}]}}