{"id":10477,"date":"2022-05-21T14:30:30","date_gmt":"2022-05-21T12:30:30","guid":{"rendered":"http:\/\/www.alfatecpy.com\/home\/?post_type=product&#038;p=10477"},"modified":"2022-07-19T17:42:19","modified_gmt":"2022-07-19T15:42:19","slug":"reflector-estandar-godox-rft-13-8-3","status":"publish","type":"product","link":"http:\/\/www.alfatecpy.com\/home\/producto\/reflector-estandar-godox-rft-13-8-3\/","title":{"rendered":"Reflector Estandar Godox RFT-13 &#8211; 8.3&#8243;"},"content":{"rendered":"<p>&nbsp;<\/p>\n<ul>\n<li><strong>Dise\u00f1ado para monoluces Godox y cabezales de flash de fabricantes que cuentan con la montura Bowens, este reflector est\u00e1ndar de 8,3&#8243; (aprox. 21cm) tiene una dispersi\u00f3n de haz de 65\u00b0 para distribuir la luz generada por un cabezal compatible.<\/strong><\/li>\n<li><strong>Forma:<\/strong>\u00a0Circular<\/li>\n<li><strong>Cor interna:<\/strong>\u00a0Prata<\/li>\n<li><strong>Material:\u00a0<\/strong>Alum\u00ednio<\/li>\n<li><strong>Montagem:<\/strong>\u00a0Bowens<\/li>\n<li><strong>\u00c2ngulo do feixe:<\/strong>\u00a065\u00b0<\/li>\n<\/ul>\n","protected":false},"excerpt":{"rendered":"<p>*R\u00e9gimen Tur\u00edstico<br \/>\n*No incluye IVA<\/p>\n","protected":false},"featured_media":10478,"comment_status":"open","ping_status":"closed","template":"","meta":[],"_links":{"self":[{"href":"http:\/\/www.alfatecpy.com\/home\/wp-json\/wp\/v2\/product\/10477"}],"collection":[{"href":"http:\/\/www.alfatecpy.com\/home\/wp-json\/wp\/v2\/product"}],"about":[{"href":"http:\/\/www.alfatecpy.com\/home\/wp-json\/wp\/v2\/types\/product"}],"replies":[{"embeddable":true,"href":"http:\/\/www.alfatecpy.com\/home\/wp-json\/wp\/v2\/comments?post=10477"}],"wp:featuredmedia":[{"embeddable":true,"href":"http:\/\/www.alfatecpy.com\/home\/wp-json\/wp\/v2\/media\/10478"}],"wp:attachment":[{"href":"http:\/\/www.alfatecpy.com\/home\/wp-json\/wp\/v2\/media?parent=10477"}],"curies":[{"name":"wp","href":"https:\/\/api.w.org\/{rel}","templated":true}]}}