{"id":10363,"date":"2022-05-20T21:28:37","date_gmt":"2022-05-20T19:28:37","guid":{"rendered":"http:\/\/www.alfatecpy.com\/home\/?post_type=product&#038;p=10363"},"modified":"2022-07-19T17:47:54","modified_gmt":"2022-07-19T15:47:54","slug":"video-adaptador-hdmi-kit-3-en-1","status":"publish","type":"product","link":"http:\/\/www.alfatecpy.com\/home\/producto\/video-adaptador-hdmi-kit-3-en-1\/","title":{"rendered":"CABLE ADAPTADOR HDMI KIT 3 EN 1 HDMI\/MINI\/MICRO HDTV"},"content":{"rendered":"<p><strong>Caracter\u00edsticas:<\/strong><\/p>\n<ul>\n<li>Pines chapados en oro y conexiones a tierra.<\/li>\n<li><span class=\"goog-text-highlight\">Mire el video, transmita medios y vea documentos a trav\u00e9s de su televisor.<\/span><\/li>\n<li>El cable obtiene la se\u00f1al de video a trav\u00e9s de la salida est\u00e1ndar HDMI.<\/li>\n<li><span class=\"\">El cable HDMI de alta velocidad es compatible con tel\u00e9fonos m\u00f3viles, computadoras, televisores, reproductores de juegos, etc.<\/span><\/li>\n<li>Cable HDMI a HDMI de 1,5 m + Adaptador HDMI a Mini HDMI + Adaptador HDMI a Micro HDMI.<\/li>\n<li>Un accesorio imprescindible para quienes deseen ver videos y trabajar en la pantalla grande.<\/li>\n<li>Este cable es la soluci\u00f3n perfecta para compartir sus fotos y videos con sus colegas, familiares y amigos.<\/li>\n<\/ul>\n<p><b>Adaptadores<\/b><\/p>\n<p><strong>:<\/strong><\/p>\n<ul>\n<li>HDMI: Aplicar con c\u00e1mara digital HDMI, tableta, computadora port\u00e1til, PC.<\/li>\n<li>Mini HDMI: se aplica a Nokia N8, con c\u00e1mara digital mini HDMI, tableta, PC.<\/li>\n<li>Micro HDMI: Para X \/P990 \/P99 \/MTO XT800 \/Zepelin XT720 \/XT882 \/MT810 \/Me811\/ Mt701\/ Mt870\/ Mb860 X2\/ EVO 4G \/A500 \/W500 \/FUJITSU S2900 HD F85 EXR Tr100.<\/li>\n<\/ul>\n<p>Nota: su televisor debe tener HDMI para que este cable sea compatible.<\/p>\n<p><strong>Especificaciones:<\/strong><\/p>\n<ul>\n<li>De color negro<\/li>\n<li>Peso neto: 100g<\/li>\n<li>Longitud del Cable: 1,5 m<\/li>\n<\/ul>\n","protected":false},"excerpt":{"rendered":"<p>*Regimen turistico<br \/>\n*No incluye IVA<\/p>\n","protected":false},"featured_media":10364,"comment_status":"open","ping_status":"closed","template":"","meta":[],"_links":{"self":[{"href":"http:\/\/www.alfatecpy.com\/home\/wp-json\/wp\/v2\/product\/10363"}],"collection":[{"href":"http:\/\/www.alfatecpy.com\/home\/wp-json\/wp\/v2\/product"}],"about":[{"href":"http:\/\/www.alfatecpy.com\/home\/wp-json\/wp\/v2\/types\/product"}],"replies":[{"embeddable":true,"href":"http:\/\/www.alfatecpy.com\/home\/wp-json\/wp\/v2\/comments?post=10363"}],"wp:featuredmedia":[{"embeddable":true,"href":"http:\/\/www.alfatecpy.com\/home\/wp-json\/wp\/v2\/media\/10364"}],"wp:attachment":[{"href":"http:\/\/www.alfatecpy.com\/home\/wp-json\/wp\/v2\/media?parent=10363"}],"curies":[{"name":"wp","href":"https:\/\/api.w.org\/{rel}","templated":true}]}}