{"id":10354,"date":"2022-05-20T21:22:36","date_gmt":"2022-05-20T19:22:36","guid":{"rendered":"http:\/\/www.alfatecpy.com\/home\/?post_type=product&#038;p=10354"},"modified":"2022-06-21T14:32:29","modified_gmt":"2022-06-21T12:32:29","slug":"bateria-recargable-lp-e6nh","status":"publish","type":"product","link":"http:\/\/www.alfatecpy.com\/home\/producto\/bateria-recargable-lp-e6nh\/","title":{"rendered":"BATERIA RECARGABLE LP-E6NH(compatible)"},"content":{"rendered":"<p>la bater\u00eda de iones de litio LP-E6NH funciona con la mayor\u00eda de las c\u00e1maras y videoc\u00e1maras que utilizan Canon LP-E6NH, LP-E6N o LP-E6. Este paquete de bater\u00eda de repuesto tiene una capacidad de 2750 mAh, 7,2 V . Las bater\u00edas de iones de litio, peque\u00f1as y livianas, se pueden cargar o descargar en cualquier momento sin desarrollar el efecto memoria.<\/p>\n<p>C\u00e1maras compatibles<br \/>\nC\u00e1maras r\u00e9flex Canon EOS:<\/p>\n<ul>\n<li>EOS R<\/li>\n<li>EOS R5<\/li>\n<li>EOS R6<\/li>\n<li>5D Mark II<br \/>\n5D mark III<br \/>\n5D mark IV<br \/>\n5DS<br \/>\n5DS-R<br \/>\n60D<br \/>\n60Da<br \/>\n70D<br \/>\n80D<br \/>\n6D<br \/>\n6D mark II<br \/>\n7D<br \/>\n7D Mark II<br \/>\n7DSV<\/li>\n<\/ul>\n<p>Videoc\u00e1maras Canon:<br \/>\nVideoc\u00e1mara XC15 4K UHD<br \/>\nVideoc\u00e1mara profesional XC10 4K<\/p>\n<p>&nbsp;<\/p>\n","protected":false},"excerpt":{"rendered":"<p>*Regimen turistico<br \/>\n*No incluye IVA<\/p>\n","protected":false},"featured_media":10358,"comment_status":"open","ping_status":"closed","template":"","meta":[],"_links":{"self":[{"href":"http:\/\/www.alfatecpy.com\/home\/wp-json\/wp\/v2\/product\/10354"}],"collection":[{"href":"http:\/\/www.alfatecpy.com\/home\/wp-json\/wp\/v2\/product"}],"about":[{"href":"http:\/\/www.alfatecpy.com\/home\/wp-json\/wp\/v2\/types\/product"}],"replies":[{"embeddable":true,"href":"http:\/\/www.alfatecpy.com\/home\/wp-json\/wp\/v2\/comments?post=10354"}],"wp:featuredmedia":[{"embeddable":true,"href":"http:\/\/www.alfatecpy.com\/home\/wp-json\/wp\/v2\/media\/10358"}],"wp:attachment":[{"href":"http:\/\/www.alfatecpy.com\/home\/wp-json\/wp\/v2\/media?parent=10354"}],"curies":[{"name":"wp","href":"https:\/\/api.w.org\/{rel}","templated":true}]}}