{"id":10350,"date":"2022-05-20T21:14:20","date_gmt":"2022-05-20T19:14:20","guid":{"rendered":"http:\/\/www.alfatecpy.com\/home\/?post_type=product&#038;p=10350"},"modified":"2022-06-21T14:32:48","modified_gmt":"2022-06-21T12:32:48","slug":"lente-canon-ef-100-mm-f-2-8l-macro-is-usm","status":"publish","type":"product","link":"http:\/\/www.alfatecpy.com\/home\/producto\/lente-canon-ef-100-mm-f-2-8l-macro-is-usm\/","title":{"rendered":"Lente Canon EF 100 mm f\/2.8L Macro IS USM"},"content":{"rendered":"<div>\n<div class=\"productDescription_riPByZJPqM\" data-selenium=\"overviewLongDescription\">\n<div class=\"js-injected-html text_riPByZJPqM\">\n<p><span>Dise\u00f1ado principalmente para primeros planos, el\u00a0<\/span><b><span>EF 100 mm f\/2.8L Macro IS USM<\/span><\/b><span>\u00a0de\u00a0<\/span><b><span>Canon<\/span><\/b><span>es un vers\u00e1til teleobjetivo principal corto de la serie L que tambi\u00e9n es adecuado para retratos y otros sujetos de rango medio.\u00a0Sin embargo, como objetivo macro, este objetivo de 100 mm ofrece un aumento m\u00e1ximo de tama\u00f1o real de 1:1 y una distancia de enfoque m\u00ednima de 11,8&#8243;. Como complemento a las tomas en primer plano, se incluye un Estabilizador de la imagen que minimiza el movimiento de la c\u00e1mara en dos puntos al m\u00e1ximo 1: 1 de aumento, o hasta cuatro paradas en aumentos m\u00e1s bajos para tomas manuales m\u00e1s n\u00edtidas. Tambi\u00e9n contribuyen a un manejo suave e intuitivo, un USM tipo anillo y un dise\u00f1o de enfoque interno ofrecen un rendimiento de enfoque autom\u00e1tico r\u00e1pido, silencioso y preciso junto con la anulaci\u00f3n de enfoque manual a tiempo completo. En cuanto a sus activos \u00f3pticos, se presenta un elemento de dispersi\u00f3n ultrabaja para controlar las franjas de color y las aberraciones crom\u00e1ticas.\u00a0y se ha aplicado un recubrimiento Super Spectra para suprimir los destellos y las im\u00e1genes fantasma para mejorar el contraste y la fidelidad del color.\u00a0Adem\u00e1s, como lente de la serie L, este 100 mm f\/2.8 est\u00e1 sellado contra la intemperie para trabajar en condiciones adversas.<\/span><\/p>\n<\/div>\n<\/div>\n<\/div>\n<div class=\"feature_riPByZJPqM\">\n<div class=\"feature_riPByZJPqM\">\n<div>\n<div class=\"feature_riPByZJPqM\">\n<div class=\"descriptionAsTitle_riPByZJPqM\">\n<div class=\"js-injected-html text_riPByZJPqM\"><span>El teleobjetivo principal corto est\u00e1 dise\u00f1ado para c\u00e1maras r\u00e9flex digitales Canon con montura EF de cuadro completo, sin embargo, tambi\u00e9n se puede usar con modelos APS-C donde proporciona una distancia focal equivalente a 160 mm.<\/span><\/div>\n<\/div>\n<\/div>\n<\/div>\n<div>\n<div class=\"feature_riPByZJPqM\">\n<div class=\"descriptionAsTitle_riPByZJPqM\">\n<div class=\"js-injected-html text_riPByZJPqM\"><span>Ideal para fotograf\u00eda macro, este objetivo ofrece un aumento m\u00e1ximo de tama\u00f1o real de 1:1 junto con una distancia m\u00ednima de enfoque de 11,8&#8243; para adaptarse al trabajo con sujetos en primer plano.<\/span><\/div>\n<\/div>\n<\/div>\n<\/div>\n<div>\n<div class=\"feature_riPByZJPqM\">\n<div class=\"descriptionAsTitle_riPByZJPqM\">\n<div class=\"js-injected-html text_riPByZJPqM\"><span>Un elemento de dispersi\u00f3n ultrabaja (UD) reduce en gran medida las aberraciones crom\u00e1ticas y las franjas de color para mejorar la claridad y la precisi\u00f3n del color.<\/span><\/div>\n<\/div>\n<\/div>\n<\/div>\n<div>\n<div class=\"feature_riPByZJPqM\">\n<div class=\"descriptionAsTitle_riPByZJPqM\">\n<div class=\"js-injected-html text_riPByZJPqM\"><span>El revestimiento Super Spectra se ha aplicado a elementos individuales para minimizar las im\u00e1genes fantasma y los destellos para lograr un mayor contraste y neutralidad de color cuando se trabaja en condiciones de iluminaci\u00f3n intensa.<\/span><\/div>\n<\/div>\n<\/div>\n<\/div>\n<div>\n<div class=\"feature_riPByZJPqM\">\n<div class=\"descriptionAsTitle_riPByZJPqM\">\n<div class=\"js-injected-html text_riPByZJPqM\"><span>Un estabilizador de imagen \u00f3ptico ayuda a minimizar la apariencia de movimiento de la c\u00e1mara para permitir trabajar mejor en condiciones de poca luz y con velocidades de obturaci\u00f3n m\u00e1s lentas.\u00a0La eficacia de este sistema compensa hasta dos paradas de movimiento de la c\u00e1mara con un aumento de 1:1, tres paradas con un aumento de 1:2 y cuatro paradas con aumentos m\u00e1s bajos.<\/span><\/div>\n<\/div>\n<\/div>\n<\/div>\n<div>\n<div class=\"feature_riPByZJPqM\">\n<div class=\"descriptionAsTitle_riPByZJPqM\">\n<div class=\"js-injected-html text_riPByZJPqM\"><span>Se emplea un motor ultras\u00f3nico (USM) de tipo anillo y un dise\u00f1o de enfoque interno para brindar un rendimiento de enfoque autom\u00e1tico r\u00e1pido, preciso y silencioso, as\u00ed como una anulaci\u00f3n de enfoque manual a tiempo completo.<\/span><\/div>\n<\/div>\n<\/div>\n<\/div>\n<div>\n<div class=\"feature_riPByZJPqM\">\n<div class=\"descriptionAsTitle_riPByZJPqM\">\n<div class=\"js-injected-html text_riPByZJPqM\"><span>El interruptor del limitador de enfoque le permite restringir el enfoque a tres rangos diferentes para un rendimiento de enfoque m\u00e1s r\u00e1pido: 11,8&#8243;-1,6&#8242;, 1,6&#8242;-infinito y el rango completo de 11,8&#8243;-infinito.<\/span><\/div>\n<\/div>\n<\/div>\n<\/div>\n<div>\n<div class=\"feature_riPByZJPqM\">\n<div class=\"descriptionAsTitle_riPByZJPqM\">\n<div class=\"js-injected-html text_riPByZJPqM\"><span>El diafragma redondeado de nueve aspas contribuye a una agradable calidad de desenfoque que beneficia el uso de t\u00e9cnicas de profundidad de campo reducida y enfoque selectivo.<\/span><\/div>\n<\/div>\n<\/div>\n<\/div>\n<div>\n<div class=\"feature_riPByZJPqM\">\n<div class=\"descriptionAsTitle_riPByZJPqM\">\n<div class=\"js-injected-html text_riPByZJPqM\"><span>Como miembro de la estimada serie L, esta lente est\u00e1 sellada contra el polvo y la humedad para trabajar en condiciones ambientales adversas.<\/span><\/div>\n<\/div>\n<\/div>\n<\/div>\n<div>\n<div class=\"feature_riPByZJPqM\">\n<div class=\"descriptionAsTitle_riPByZJPqM\">\n<div class=\"js-injected-html text_riPByZJPqM\"><span><span class=\"goog-text-highlight\">El collar de tr\u00edpode giratorio opcional est\u00e1 disponible y beneficia trabajar con la lente encima de un tr\u00edpode o monopie.<\/span><\/span><\/div>\n<\/div>\n<\/div>\n<\/div>\n<\/div>\n<\/div>\n","protected":false},"excerpt":{"rendered":"<p>*Regimen turistico<br \/>\n*No incluye IVA<\/p>\n","protected":false},"featured_media":10351,"comment_status":"open","ping_status":"closed","template":"","meta":[],"_links":{"self":[{"href":"http:\/\/www.alfatecpy.com\/home\/wp-json\/wp\/v2\/product\/10350"}],"collection":[{"href":"http:\/\/www.alfatecpy.com\/home\/wp-json\/wp\/v2\/product"}],"about":[{"href":"http:\/\/www.alfatecpy.com\/home\/wp-json\/wp\/v2\/types\/product"}],"replies":[{"embeddable":true,"href":"http:\/\/www.alfatecpy.com\/home\/wp-json\/wp\/v2\/comments?post=10350"}],"wp:featuredmedia":[{"embeddable":true,"href":"http:\/\/www.alfatecpy.com\/home\/wp-json\/wp\/v2\/media\/10351"}],"wp:attachment":[{"href":"http:\/\/www.alfatecpy.com\/home\/wp-json\/wp\/v2\/media?parent=10350"}],"curies":[{"name":"wp","href":"https:\/\/api.w.org\/{rel}","templated":true}]}}