{"id":10339,"date":"2022-05-20T21:03:32","date_gmt":"2022-05-20T19:03:32","guid":{"rendered":"http:\/\/www.alfatecpy.com\/home\/?post_type=product&#038;p=10339"},"modified":"2022-05-21T15:32:57","modified_gmt":"2022-05-21T13:32:57","slug":"lente-sigma-art-50mm-f-1-4-dg-hsm-f-canon","status":"publish","type":"product","link":"http:\/\/www.alfatecpy.com\/home\/producto\/lente-sigma-art-50mm-f-1-4-dg-hsm-f-canon\/","title":{"rendered":"Lente Sigma  Art 50mm f\/1.4 DG HSM F\/ Canon"},"content":{"rendered":"<div>\n<div class=\"productDescription_riPByZJPqM\" data-selenium=\"overviewLongDescription\">\n<div class=\"js-injected-html text_riPByZJPqM\">\n<p><b><span>El lente Sigma 50 mm f\/1.4 DG HSM<\/span><\/b><span>\u00a0con montura EF de Canon\u00a0es una lente principal r\u00e1pida de longitud est\u00e1ndar dise\u00f1ada para lograr un alto rendimiento \u00f3ptico mediante la incorporaci\u00f3n de tres elementos de vidrio especiales de baja dispersi\u00f3n y un elemento asf\u00e9rico de vidrio moldeado.\u00a0Estos elementos, junto con un dise\u00f1o \u00f3ptico avanzado, trabajan para minimizar el destello de coma sagital y las aberraciones crom\u00e1ticas para brindar una imagen de alta nitidez y claridad.\u00a0El gran di\u00e1metro de la lente y el sistema flotante tambi\u00e9n ayudan a corregir el vi\u00f1eteado para garantizar que se mantenga el brillo perif\u00e9rico.\u00a0Tambi\u00e9n se ha aplicado un Super Multi Coating a los elementos de la lente para reducir los destellos y las im\u00e1genes fantasma para lograr un mayor contraste y fidelidad de color.<\/span><\/p>\n<p><span>Un motor Hyper Sonic AF, junto con un algoritmo AF optimizado, produce un rendimiento de enfoque autom\u00e1tico silencioso, suave y r\u00e1pido que beneficia el uso de esta lente en una amplia variedad de situaciones.\u00a0Este motor AF tambi\u00e9n permite el control de enfoque manual a tiempo completo para una precisi\u00f3n refinada simplemente girando el anillo de enfoque en cualquier momento.<\/span><\/p>\n<\/div>\n<\/div>\n<\/div>\n<div class=\"feature_riPByZJPqM\">\n<div class=\"feature_riPByZJPqM\">\n<div>\n<div class=\"feature_riPByZJPqM\">\n<div class=\"featureHeader_riPByZJPqM\">\n<h2 class=\"text_TAw0W35QK_ comfy_TAw0W35QK_ sizeTitle2_TAw0W35QK_ weightNormal_TAw0W35QK_ primary_i3MsQsqoe0\"><span>Sigma Visi\u00f3n Global &#8211; Arte<\/span><\/h2>\n<\/div>\n<div>\n<div class=\"js-injected-html text_riPByZJPqM\"><span>Como parte de la l\u00ednea Art dentro de la serie Global Vision de Sigma, esta lente est\u00e1 dise\u00f1ada para lograr un rendimiento \u00f3ptico verdaderamente notable y es ideal para aplicaciones creativas y art\u00edsticas.<\/span><\/div>\n<\/div>\n<\/div>\n<\/div>\n<div>\n<div class=\"feature_riPByZJPqM\">\n<div class=\"featureHeader_riPByZJPqM\">\n<h2 class=\"text_TAw0W35QK_ comfy_TAw0W35QK_ sizeTitle2_TAw0W35QK_ weightNormal_TAw0W35QK_ primary_i3MsQsqoe0\"><span>Elemento asf\u00e9rico de vidrio moldeado<\/span><\/h2>\n<\/div>\n<div>\n<div class=\"js-injected-html text_riPByZJPqM\"><span>Esta lente ha sido dise\u00f1ada utilizando una estructura \u00f3ptica avanzada para lograr una alta resoluci\u00f3n y nitidez junto con una calidad est\u00e9tica fuera de foco para una mayor separaci\u00f3n de sujetos.\u00a0Un elemento asf\u00e9rico de vidrio moldeado corrige el destello de coma sagital y permite el uso completo de la r\u00e1pida apertura m\u00e1xima de f\/1.4 con nitidez y claridad mantenidas.\u00a0Este dise\u00f1o tambi\u00e9n funciona para minimizar el vi\u00f1eteado, el desenfoque de color y otras distorsiones que ayudan a producir un efecto bokeh natural y agradable para t\u00e9cnicas de enfoque selectivo y poca profundidad de campo.\u00a0Al reducir estas aberraciones, esta lente tambi\u00e9n se adapta bien a la astrofotograf\u00eda u otras situaciones con fuentes de luz puntual debido a su capacidad para eliminar la borrosidad cerca de los bordes del encuadre.<\/span><\/div>\n<\/div>\n<\/div>\n<\/div>\n<div>\n<div class=\"feature_riPByZJPqM\">\n<div class=\"featureHeader_riPByZJPqM\">\n<h2 class=\"text_TAw0W35QK_ comfy_TAw0W35QK_ sizeTitle2_TAw0W35QK_ weightNormal_TAw0W35QK_ primary_i3MsQsqoe0\"><span>Elementos especiales de vidrio de baja dispersi\u00f3n<\/span><\/h2>\n<\/div>\n<div>\n<div class=\"js-injected-html text_riPByZJPqM\"><span>Se han incorporado tres elementos de vidrio SLD (Especial Baja Dispersi\u00f3n) dentro del dise\u00f1o de la lente para corregir la aberraci\u00f3n crom\u00e1tica axial en todo el rango de enfoque.\u00a0Esto ayuda a mantener la nitidez, la claridad y el contraste de la imagen independientemente del punto de enfoque o la configuraci\u00f3n de apertura.<\/span><\/div>\n<\/div>\n<\/div>\n<\/div>\n<div>\n<div class=\"feature_riPByZJPqM\">\n<div class=\"featureHeader_riPByZJPqM\">\n<h2 class=\"text_TAw0W35QK_ comfy_TAw0W35QK_ sizeTitle2_TAw0W35QK_ weightNormal_TAw0W35QK_ primary_i3MsQsqoe0\"><span>Lente de gran di\u00e1metro<\/span><\/h2>\n<\/div>\n<div>\n<div class=\"js-injected-html text_riPByZJPqM\"><span>Al dise\u00f1ar la lente con un gran di\u00e1metro de 85,4 mm y colocar los elementos m\u00e1s anchos dentro del grupo frontal, se logra m\u00e1s f\u00e1cilmente un mayor brillo perif\u00e9rico cuando se trabaja con aperturas m\u00e1s grandes.\u00a0Este dise\u00f1o tambi\u00e9n se presta para minimizar el vi\u00f1eteado en todo el rango de apertura para una mayor claridad y detalle en todo el marco de la imagen.<\/span><\/div>\n<\/div>\n<\/div>\n<\/div>\n<div>\n<div class=\"feature_riPByZJPqM\">\n<div class=\"featureHeader_riPByZJPqM\">\n<h2 class=\"text_TAw0W35QK_ comfy_TAw0W35QK_ sizeTitle2_TAw0W35QK_ weightNormal_TAw0W35QK_ primary_i3MsQsqoe0\"><span>S\u00faper revestimiento multicapa<\/span><\/h2>\n<\/div>\n<div>\n<div class=\"js-injected-html text_riPByZJPqM\"><span>Se ha aplicado un revestimiento s\u00faper multicapa a los elementos de la lente para minimizar el destello de la lente y las im\u00e1genes fantasma y contribuir a producir im\u00e1genes ricas en contraste y de color neutro, incluso en condiciones de contraluz.<\/span><\/div>\n<\/div>\n<\/div>\n<\/div>\n<div>\n<div class=\"feature_riPByZJPqM\">\n<div class=\"featureHeader_riPByZJPqM\">\n<h2 class=\"text_TAw0W35QK_ comfy_TAw0W35QK_ sizeTitle2_TAw0W35QK_ weightNormal_TAw0W35QK_ primary_i3MsQsqoe0\"><span>Sistema flotante<\/span><\/h2>\n<\/div>\n<div>\n<div class=\"js-injected-html text_riPByZJPqM\"><span>Al emplear un sistema flotante, la distancia entre los elementos de vidrio se ajusta durante el enfoque para limitar la cantidad de movimiento de la lente requerida al disparar.\u00a0Este sistema flotante ayuda a lograr una distancia m\u00ednima de enfoque de 1,3&#8242; con un aumento m\u00e1ximo de 1:5,6.\u00a0Adem\u00e1s, este dise\u00f1o tambi\u00e9n contribuye a las capacidades de representaci\u00f3n de alto detalle en todo el rango de enfoque.<\/span><\/div>\n<\/div>\n<\/div>\n<\/div>\n<div>\n<div class=\"feature_riPByZJPqM\">\n<div class=\"featureHeader_riPByZJPqM\">\n<h2 class=\"text_TAw0W35QK_ comfy_TAw0W35QK_ sizeTitle2_TAw0W35QK_ weightNormal_TAw0W35QK_ primary_i3MsQsqoe0\"><span>Motor AF hipers\u00f3nico<\/span><\/h2>\n<\/div>\n<div>\n<div class=\"js-injected-html text_riPByZJPqM\"><span>El HSM (motor hipers\u00f3nico) integrado realiza un enfoque autom\u00e1tico r\u00e1pido y silencioso, que se complementa a\u00fan m\u00e1s con un algoritmo AF optimizado para producir un rendimiento de enfoque m\u00e1s suave.\u00a0El HSM tambi\u00e9n permite el control de enfoque manual a tiempo completo simplemente girando el anillo de enfoque en cualquier momento.<\/span><\/div>\n<\/div>\n<\/div>\n<\/div>\n<div>\n<div class=\"feature_riPByZJPqM\">\n<div class=\"featureHeader_riPByZJPqM\">\n<h2 class=\"text_TAw0W35QK_ comfy_TAw0W35QK_ sizeTitle2_TAw0W35QK_ weightNormal_TAw0W35QK_ primary_i3MsQsqoe0\"><span>Otras caracter\u00edsticas de la lente<\/span><\/h2>\n<\/div>\n<div>\n<div class=\"js-injected-html text_riPByZJPqM\">\n<ul>\n<li><span>Un diafragma redondeado de nueve aspas ayuda a producir una atractiva calidad de desenfoque.<\/span><\/li>\n<li><span>La lente est\u00e1 construida con un material compuesto t\u00e9rmicamente estable (TSC), junto con metales tradicionales, para una mayor precisi\u00f3n y uso en amplias variaciones de temperatura.\u00a0El exterior del cilindro de la lente tambi\u00e9n est\u00e1 grabado con el a\u00f1o de producci\u00f3n.<\/span><\/li>\n<li><span>La montura de bayoneta est\u00e1 fabricada en lat\u00f3n para garantizar la precisi\u00f3n y la durabilidad.<\/span><\/li>\n<li><span><span class=\"goog-text-highlight\">El parasol incluido est\u00e1 equipado con una conexi\u00f3n de goma para un ajuste seguro.<\/span><\/span><\/li>\n<li><span>Esta lente es compatible con la base USB Sigma opcional para ajustar con precisi\u00f3n las diferentes caracter\u00edsticas de la lente y actualizar su firmware.<\/span><\/li>\n<\/ul>\n<\/div>\n<\/div>\n<\/div>\n<\/div>\n<\/div>\n<\/div>\n","protected":false},"excerpt":{"rendered":"<p>*Regimen turistico<br \/>\n*No incluye IVA<\/p>\n","protected":false},"featured_media":10340,"comment_status":"open","ping_status":"closed","template":"","meta":[],"_links":{"self":[{"href":"http:\/\/www.alfatecpy.com\/home\/wp-json\/wp\/v2\/product\/10339"}],"collection":[{"href":"http:\/\/www.alfatecpy.com\/home\/wp-json\/wp\/v2\/product"}],"about":[{"href":"http:\/\/www.alfatecpy.com\/home\/wp-json\/wp\/v2\/types\/product"}],"replies":[{"embeddable":true,"href":"http:\/\/www.alfatecpy.com\/home\/wp-json\/wp\/v2\/comments?post=10339"}],"wp:featuredmedia":[{"embeddable":true,"href":"http:\/\/www.alfatecpy.com\/home\/wp-json\/wp\/v2\/media\/10340"}],"wp:attachment":[{"href":"http:\/\/www.alfatecpy.com\/home\/wp-json\/wp\/v2\/media?parent=10339"}],"curies":[{"name":"wp","href":"https:\/\/api.w.org\/{rel}","templated":true}]}}